{"id":15,"date":"2020-02-25T11:00:16","date_gmt":"2020-02-25T11:00:16","guid":{"rendered":"https:\/\/geersingpotatospecialist.com\/?page_id=15"},"modified":"2021-03-13T22:15:48","modified_gmt":"2021-03-13T22:15:48","slug":"home","status":"publish","type":"page","link":"https:\/\/geersingpotatospecialist.com\/es\/","title":{"rendered":"Inicio"},"content":{"rendered":"\t\t<div data-elementor-type=\"wp-page\" data-elementor-id=\"15\" class=\"elementor elementor-15\" data-elementor-post-type=\"page\">\n\t\t\t\t\t\t<section class=\"elementor-section elementor-top-section elementor-element elementor-element-2e277d7 elementor-section-height-full elementor-section-boxed elementor-section-height-default elementor-section-items-middle\" data-id=\"2e277d7\" data-element_type=\"section\" data-settings=\"{&quot;background_background&quot;:&quot;classic&quot;}\">\n\t\t\t\t\t\t\t<div class=\"elementor-background-overlay\"><\/div>\n\t\t\t\t\t\t\t<div class=\"elementor-container elementor-column-gap-default\">\n\t\t\t\t\t<div class=\"elementor-column elementor-col-50 elementor-top-column elementor-element elementor-element-3f516b1\" data-id=\"3f516b1\" data-element_type=\"column\">\n\t\t\t<div class=\"elementor-widget-wrap elementor-element-populated\">\n\t\t\t\t\t\t<div class=\"elementor-element elementor-element-f891a2e elementor-hidden-desktop elementor-hidden-tablet elementor-widget elementor-widget-spacer\" data-id=\"f891a2e\" data-element_type=\"widget\" data-widget_type=\"spacer.default\">\n\t\t\t\t<div class=\"elementor-widget-container\">\n\t\t\t\t\t<div class=\"elementor-spacer\">\n\t\t\t<div class=\"elementor-spacer-inner\"><\/div>\n\t\t<\/div>\n\t\t\t\t<\/div>\n\t\t\t\t<\/div>\n\t\t\t\t<div class=\"elementor-element elementor-element-572919f elementor-invisible elementor-widget elementor-widget-image\" data-id=\"572919f\" data-element_type=\"widget\" data-settings=\"{&quot;_animation&quot;:&quot;shake&quot;}\" data-widget_type=\"image.default\">\n\t\t\t\t<div class=\"elementor-widget-container\">\n\t\t\t\t\t\t\t\t\t\t\t\t\t<img fetchpriority=\"high\" decoding=\"async\" width=\"624\" height=\"845\" src=\"https:\/\/geersingpotatospecialist.com\/app\/uploads\/sites\/7\/2020\/02\/cartoon-cammeo.png\" class=\"attachment-large size-large wp-image-353\" alt=\"\" srcset=\"https:\/\/geersingpotatospecialist.com\/app\/uploads\/sites\/7\/2020\/02\/cartoon-cammeo.png 624w, https:\/\/geersingpotatospecialist.com\/app\/uploads\/sites\/7\/2020\/02\/cartoon-cammeo-222x300.png 222w\" sizes=\"(max-width: 624px) 100vw, 624px\" \/>\t\t\t\t\t\t\t\t\t\t\t\t\t<\/div>\n\t\t\t\t<\/div>\n\t\t\t\t\t<\/div>\n\t\t<\/div>\n\t\t\t\t<div class=\"elementor-column elementor-col-50 elementor-top-column elementor-element elementor-element-9561970\" data-id=\"9561970\" data-element_type=\"column\">\n\t\t\t<div class=\"elementor-widget-wrap elementor-element-populated\">\n\t\t\t\t\t\t<section class=\"elementor-section elementor-inner-section elementor-element elementor-element-5e3f9e8 elementor-section-boxed elementor-section-height-default elementor-section-height-default\" data-id=\"5e3f9e8\" data-element_type=\"section\">\n\t\t\t\t\t\t<div class=\"elementor-container elementor-column-gap-default\">\n\t\t\t\t\t<div class=\"elementor-column elementor-col-100 elementor-inner-column elementor-element elementor-element-7097e1f\" data-id=\"7097e1f\" data-element_type=\"column\">\n\t\t\t<div class=\"elementor-widget-wrap elementor-element-populated\">\n\t\t\t\t\t\t<div class=\"elementor-element elementor-element-07ff742 elementor-grid-1 elementor-posts--align-left elementor-grid-tablet-2 elementor-grid-mobile-1 elementor-posts--thumbnail-top elementor-widget elementor-widget-posts\" data-id=\"07ff742\" data-element_type=\"widget\" data-settings=\"{&quot;classic_columns&quot;:&quot;1&quot;,&quot;classic_columns_tablet&quot;:&quot;2&quot;,&quot;classic_columns_mobile&quot;:&quot;1&quot;,&quot;classic_row_gap&quot;:{&quot;unit&quot;:&quot;px&quot;,&quot;size&quot;:35,&quot;sizes&quot;:[]},&quot;classic_row_gap_tablet&quot;:{&quot;unit&quot;:&quot;px&quot;,&quot;size&quot;:&quot;&quot;,&quot;sizes&quot;:[]},&quot;classic_row_gap_mobile&quot;:{&quot;unit&quot;:&quot;px&quot;,&quot;size&quot;:&quot;&quot;,&quot;sizes&quot;:[]}}\" data-widget_type=\"posts.classic\">\n\t\t\t\t<div class=\"elementor-widget-container\">\n\t\t\t\t\t<div class=\"elementor-posts-container elementor-posts elementor-posts--skin-classic elementor-grid\">\n\t\t\t\t<article class=\"elementor-post elementor-grid-item post-331 post type-post status-publish format-standard has-post-thumbnail hentry category-news\">\n\t\t\t\t<a class=\"elementor-post__thumbnail__link\" href=\"https:\/\/geersingpotatospecialist.com\/es\/news\/potato-days\/\" >\n\t\t\t<div class=\"elementor-post__thumbnail\"><img decoding=\"async\" width=\"300\" height=\"200\" src=\"https:\/\/geersingpotatospecialist.com\/app\/uploads\/sites\/7\/2019\/10\/rassenshow-cammeo-300x200.png\" class=\"attachment-medium size-medium wp-image-339\" alt=\"\" srcset=\"https:\/\/geersingpotatospecialist.com\/app\/uploads\/sites\/7\/2019\/10\/rassenshow-cammeo-300x200.png 300w, https:\/\/geersingpotatospecialist.com\/app\/uploads\/sites\/7\/2019\/10\/rassenshow-cammeo-768x512.png 768w, https:\/\/geersingpotatospecialist.com\/app\/uploads\/sites\/7\/2019\/10\/rassenshow-cammeo.png 800w\" sizes=\"(max-width: 300px) 100vw, 300px\" \/><\/div>\n\t\t<\/a>\n\t\t\t\t<div class=\"elementor-post__text\">\n\t\t\t\t<h3 class=\"elementor-post__title\">\n\t\t\t<a href=\"https:\/\/geersingpotatospecialist.com\/es\/news\/potato-days\/\" >\n\t\t\t\tPotato days\t\t\t<\/a>\n\t\t<\/h3>\n\t\t\t\t<div class=\"elementor-post__excerpt\">\n\t\t\t<p>Recibir\u00e1s una invitaci\u00f3n a la exposici\u00f3n de nuestras variedades en Geersing Potato Specialist en Emmeloord, te invitamos a Banterweg 10 en Emmeloord los d\u00edas 6, 7 y 8 de noviembre. Nuestra variedad resistente al mildiu, Cammeo &#8230;<\/p>\n\t\t<\/div>\n\t\t\n\t\t<a class=\"elementor-post__read-more\" href=\"https:\/\/geersingpotatospecialist.com\/es\/news\/potato-days\/\" aria-label=\"Read more about Potato days\" >\n\t\t\tM\u00e1s informaci\u00f3n \u00bb\t\t<\/a>\n\n\t\t\t\t<\/div>\n\t\t\t\t<\/article>\n\t\t\t\t<\/div>\n\t\t\n\t\t\t\t<\/div>\n\t\t\t\t<\/div>\n\t\t\t\t\t<\/div>\n\t\t<\/div>\n\t\t\t\t\t<\/div>\n\t\t<\/section>\n\t\t\t\t\t<\/div>\n\t\t<\/div>\n\t\t\t\t\t<\/div>\n\t\t<\/section>\n\t\t\t\t<\/div>\n\t\t","protected":false},"excerpt":{"rendered":"","protected":false},"author":1,"featured_media":0,"parent":0,"menu_order":0,"comment_status":"closed","ping_status":"closed","template":"","meta":{"_acf_changed":false,"footnotes":""},"class_list":["post-15","page","type-page","status-publish","hentry"],"acf":[],"yoast_head":"<!-- This site is optimized with the Yoast SEO Premium plugin v23.3 (Yoast SEO v23.4) - https:\/\/yoast.com\/wordpress\/plugins\/seo\/ -->\n<title>Inicio - Geersing Potato Specialist<\/title>\n<meta name=\"robots\" content=\"index, follow, max-snippet:-1, max-image-preview:large, max-video-preview:-1\" \/>\n<link rel=\"canonical\" href=\"https:\/\/geersingpotatospecialist.com\/es\/\" \/>\n<meta property=\"og:locale\" content=\"en_US\" \/>\n<meta property=\"og:type\" content=\"article\" \/>\n<meta property=\"og:title\" content=\"Inicio\" \/>\n<meta property=\"og:url\" content=\"https:\/\/geersingpotatospecialist.com\/es\/\" \/>\n<meta property=\"og:site_name\" content=\"Geersing Potato Specialist\" \/>\n<meta property=\"article:modified_time\" content=\"2021-03-13T22:15:48+00:00\" \/>\n<meta property=\"og:image\" content=\"https:\/\/geersingpotatospecialist.com\/app\/uploads\/sites\/7\/2020\/02\/cartoon-cammeo.png\" \/>\n<meta name=\"twitter:card\" content=\"summary_large_image\" \/>\n<script type=\"application\/ld+json\" class=\"yoast-schema-graph\">{\"@context\":\"https:\/\/schema.org\",\"@graph\":[{\"@type\":\"WebPage\",\"@id\":\"https:\/\/geersingpotatospecialist.com\/es\/\",\"url\":\"https:\/\/geersingpotatospecialist.com\/es\/\",\"name\":\"Inicio - Geersing Potato Specialist\",\"isPartOf\":{\"@id\":\"https:\/\/geersingpotatospecialist.com\/es\/#website\"},\"primaryImageOfPage\":{\"@id\":\"https:\/\/geersingpotatospecialist.com\/es\/#primaryimage\"},\"image\":{\"@id\":\"https:\/\/geersingpotatospecialist.com\/es\/#primaryimage\"},\"thumbnailUrl\":\"https:\/\/geersingpotatospecialist.com\/app\/uploads\/sites\/7\/2020\/02\/cartoon-cammeo.png\",\"datePublished\":\"2020-02-25T11:00:16+00:00\",\"dateModified\":\"2021-03-13T22:15:48+00:00\",\"breadcrumb\":{\"@id\":\"https:\/\/geersingpotatospecialist.com\/es\/#breadcrumb\"},\"inLanguage\":\"en-US\",\"potentialAction\":[{\"@type\":\"ReadAction\",\"target\":[\"https:\/\/geersingpotatospecialist.com\/es\/\"]}]},{\"@type\":\"ImageObject\",\"inLanguage\":\"en-US\",\"@id\":\"https:\/\/geersingpotatospecialist.com\/es\/#primaryimage\",\"url\":\"https:\/\/geersingpotatospecialist.com\/app\/uploads\/sites\/7\/2020\/02\/cartoon-cammeo.png\",\"contentUrl\":\"https:\/\/geersingpotatospecialist.com\/app\/uploads\/sites\/7\/2020\/02\/cartoon-cammeo.png\"},{\"@type\":\"BreadcrumbList\",\"@id\":\"https:\/\/geersingpotatospecialist.com\/es\/#breadcrumb\",\"itemListElement\":[{\"@type\":\"ListItem\",\"position\":1,\"name\":\"Home\",\"item\":\"https:\/\/geersingpotatospecialist.com\/es\/\"},{\"@type\":\"ListItem\",\"position\":2,\"name\":\"Inicio\"}]},{\"@type\":\"WebSite\",\"@id\":\"https:\/\/geersingpotatospecialist.com\/es\/#website\",\"url\":\"https:\/\/geersingpotatospecialist.com\/es\/\",\"name\":\"Geersing Potato Specialist\",\"description\":\"\",\"potentialAction\":[{\"@type\":\"SearchAction\",\"target\":{\"@type\":\"EntryPoint\",\"urlTemplate\":\"https:\/\/geersingpotatospecialist.com\/es\/?s={search_term_string}\"},\"query-input\":{\"@type\":\"PropertyValueSpecification\",\"valueRequired\":true,\"valueName\":\"search_term_string\"}}],\"inLanguage\":\"en-US\"}]}<\/script>\n<!-- \/ Yoast SEO Premium plugin. -->","yoast_head_json":{"title":"Inicio - Geersing Potato Specialist","robots":{"index":"index","follow":"follow","max-snippet":"max-snippet:-1","max-image-preview":"max-image-preview:large","max-video-preview":"max-video-preview:-1"},"canonical":"https:\/\/geersingpotatospecialist.com\/es\/","og_locale":"en_US","og_type":"article","og_title":"Inicio","og_url":"https:\/\/geersingpotatospecialist.com\/es\/","og_site_name":"Geersing Potato Specialist","article_modified_time":"2021-03-13T22:15:48+00:00","og_image":[{"url":"https:\/\/geersingpotatospecialist.com\/app\/uploads\/sites\/7\/2020\/02\/cartoon-cammeo.png"}],"twitter_card":"summary_large_image","schema":{"@context":"https:\/\/schema.org","@graph":[{"@type":"WebPage","@id":"https:\/\/geersingpotatospecialist.com\/es\/","url":"https:\/\/geersingpotatospecialist.com\/es\/","name":"Inicio - Geersing Potato Specialist","isPartOf":{"@id":"https:\/\/geersingpotatospecialist.com\/es\/#website"},"primaryImageOfPage":{"@id":"https:\/\/geersingpotatospecialist.com\/es\/#primaryimage"},"image":{"@id":"https:\/\/geersingpotatospecialist.com\/es\/#primaryimage"},"thumbnailUrl":"https:\/\/geersingpotatospecialist.com\/app\/uploads\/sites\/7\/2020\/02\/cartoon-cammeo.png","datePublished":"2020-02-25T11:00:16+00:00","dateModified":"2021-03-13T22:15:48+00:00","breadcrumb":{"@id":"https:\/\/geersingpotatospecialist.com\/es\/#breadcrumb"},"inLanguage":"en-US","potentialAction":[{"@type":"ReadAction","target":["https:\/\/geersingpotatospecialist.com\/es\/"]}]},{"@type":"ImageObject","inLanguage":"en-US","@id":"https:\/\/geersingpotatospecialist.com\/es\/#primaryimage","url":"https:\/\/geersingpotatospecialist.com\/app\/uploads\/sites\/7\/2020\/02\/cartoon-cammeo.png","contentUrl":"https:\/\/geersingpotatospecialist.com\/app\/uploads\/sites\/7\/2020\/02\/cartoon-cammeo.png"},{"@type":"BreadcrumbList","@id":"https:\/\/geersingpotatospecialist.com\/es\/#breadcrumb","itemListElement":[{"@type":"ListItem","position":1,"name":"Home","item":"https:\/\/geersingpotatospecialist.com\/es\/"},{"@type":"ListItem","position":2,"name":"Inicio"}]},{"@type":"WebSite","@id":"https:\/\/geersingpotatospecialist.com\/es\/#website","url":"https:\/\/geersingpotatospecialist.com\/es\/","name":"Geersing Potato Specialist","description":"","potentialAction":[{"@type":"SearchAction","target":{"@type":"EntryPoint","urlTemplate":"https:\/\/geersingpotatospecialist.com\/es\/?s={search_term_string}"},"query-input":{"@type":"PropertyValueSpecification","valueRequired":true,"valueName":"search_term_string"}}],"inLanguage":"en-US"}]}},"_links":{"self":[{"href":"https:\/\/geersingpotatospecialist.com\/es\/wp-json\/wp\/v2\/pages\/15"}],"collection":[{"href":"https:\/\/geersingpotatospecialist.com\/es\/wp-json\/wp\/v2\/pages"}],"about":[{"href":"https:\/\/geersingpotatospecialist.com\/es\/wp-json\/wp\/v2\/types\/page"}],"author":[{"embeddable":true,"href":"https:\/\/geersingpotatospecialist.com\/es\/wp-json\/wp\/v2\/users\/1"}],"replies":[{"embeddable":true,"href":"https:\/\/geersingpotatospecialist.com\/es\/wp-json\/wp\/v2\/comments?post=15"}],"version-history":[{"count":19,"href":"https:\/\/geersingpotatospecialist.com\/es\/wp-json\/wp\/v2\/pages\/15\/revisions"}],"predecessor-version":[{"id":654,"href":"https:\/\/geersingpotatospecialist.com\/es\/wp-json\/wp\/v2\/pages\/15\/revisions\/654"}],"wp:attachment":[{"href":"https:\/\/geersingpotatospecialist.com\/es\/wp-json\/wp\/v2\/media?parent=15"}],"curies":[{"name":"wp","href":"https:\/\/api.w.org\/{rel}","templated":true}]}}